{"id":38210,"date":"2018-10-16T13:29:30","date_gmt":"2018-10-16T13:29:30","guid":{"rendered":"http:\/\/fabitrade.pt\/fr\/?page_id=38210"},"modified":"2021-01-11T12:21:20","modified_gmt":"2021-01-11T12:21:20","slug":"artigos-de-caca","status":"publish","type":"page","link":"https:\/\/fabitrade.pt\/fr\/artigos-de-caca\/","title":{"rendered":"Artigos de ca\u00e7a"},"content":{"rendered":"<p>[et_pb_section fb_built=&#8221;1&#8243; _builder_version=&#8221;3.22&#8243; background_image=&#8221;https:\/\/fabitrade.pt\/fr\/wp-content\/uploads\/2018\/10\/Fabitrade_Banner_01.jpg&#8221; custom_margin=&#8221;0px||0px||true&#8221; custom_padding=&#8221;0px||0px||true&#8221;][et_pb_row use_custom_gutter=&#8221;on&#8221; gutter_width=&#8221;1&#8243; module_class=&#8221; et_pb_row_fullwidth&#8221; _builder_version=&#8221;3.25&#8243; background_color=&#8221;rgba(66,99,123,0.6)&#8221; width=&#8221;100%&#8221; width_tablet=&#8221;100%&#8221; width_last_edited=&#8221;on|desktop&#8221; max_width=&#8221;100%&#8221; max_width_tablet=&#8221;100%&#8221; max_width_last_edited=&#8221;on|desktop&#8221; custom_margin=&#8221;0px||0px||true&#8221; custom_padding=&#8221;100px||100px||true&#8221; make_fullwidth=&#8221;on&#8221;][et_pb_column type=&#8221;4_4&#8243; _builder_version=&#8221;3.25&#8243; custom_padding=&#8221;|||&#8221; custom_padding__hover=&#8221;|||&#8221;][et_pb_text _builder_version=&#8221;3.27.4&#8243; text_font=&#8221;||||||||&#8221; header_font=&#8221;|||on|||||&#8221; header_3_font=&#8221;|||on|||||&#8221; header_3_text_color=&#8221;#b5c5ce&#8221; text_orientation=&#8221;center&#8221; background_layout=&#8221;dark&#8221; max_width=&#8221;560px&#8221; module_alignment=&#8221;center&#8221; custom_margin=&#8221;0px||0px||true&#8221; custom_padding=&#8221;0px||0px||true&#8221;]<\/p>\n<h1 style=\"padding-bottom: 0px;\">ARTICLES DE CHASSE<\/h1>\n<h3 style=\"padding-bottom: 0px;\">ARMES ET CARTOUCHES DE HAUTE QUALIT\u00c9<\/h3>\n<p>[\/et_pb_text][et_pb_divider color=&#8221;#b5c5ce&#8221; divider_position=&#8221;center&#8221; divider_weight=&#8221;4px&#8221; _builder_version=&#8221;3.17&#8243; max_width=&#8221;80px&#8221; module_alignment=&#8221;center&#8221; height=&#8221;40px&#8221; custom_margin=&#8221;0px||20px||false&#8221; custom_padding=&#8221;0px||0px||true&#8221;][\/et_pb_divider][et_pb_text _builder_version=&#8221;3.27.4&#8243; text_font=&#8221;|600|||||||&#8221; text_font_size=&#8221;18px&#8221; text_orientation=&#8221;center&#8221; background_layout=&#8221;dark&#8221; module_alignment=&#8221;center&#8221; custom_margin=&#8221;0px||0px||true&#8221; custom_padding=&#8221;0px||0px||true&#8221;]<\/p>\n<p>Nous commercions les armes et les cartouches de chasse de tous les calibres.<\/p>\n<p>[\/et_pb_text][\/et_pb_column][\/et_pb_row][\/et_pb_section][et_pb_section fb_built=&#8221;1&#8243; _builder_version=&#8221;3.22&#8243; custom_margin=&#8221;0px||0px||true&#8221; custom_padding=&#8221;0px||0px||true&#8221;][et_pb_row _builder_version=&#8221;3.25&#8243; max_width=&#8221;1200px&#8221; custom_margin=&#8221;0px||0px||true&#8221; custom_padding=&#8221;80px||80px||true&#8221; custom_css_main_element=&#8221;width: 90%;&#8221; use_custom_width=&#8221;on&#8221; custom_width_px=&#8221;1200px&#8221; column_structure=&#8221;3_5,2_5&#8243;][et_pb_column type=&#8221;3_5&#8243; _builder_version=&#8221;3.25&#8243; custom_padding=&#8221;|||&#8221; custom_padding__hover=&#8221;|||&#8221;][et_pb_text _builder_version=&#8221;3.27.4&#8243; text_font=&#8221;||||||||&#8221; header_font=&#8221;||||||||&#8221; header_2_font=&#8221;|||on|||||&#8221; header_2_text_align=&#8221;left&#8221; text_orientation=&#8221;justified&#8221; custom_margin=&#8221;0px||0px||true&#8221; custom_padding=&#8221;0px||0px||true&#8221;]<\/p>\n<h2>INFORMATIONS SUR LA CARTOUCHE<\/h2>\n<p>Les cartouches de chasse et de comp\u00e9tition sont charg\u00e9es selon les normes C.I.P.<\/p>\n<p>La production de nos cartouches de chasse et de comp\u00e9tition est la r\u00e9alisation industrielle de ce qui est \u00e9tudi\u00e9 et \u00e9tudie de la collecte des mati\u00e8res premi\u00e8res \u00e0 l&#8217;ach\u00e8vement du produit fini, remplissant scrupuleusement toutes les exigences requises.<\/p>\n<p>La qualit\u00e9 de la mati\u00e8re premi\u00e8re et un contr\u00f4le rigoureux pendant la fabrication et le chargement assurent la fiabilit\u00e9 de nos cartouches. L&#8217;ex\u00e9cution de haute qualit\u00e9 dans tous ses d\u00e9tails assure la meilleure efficacit\u00e9.<\/p>\n<p>Nous avons une forte pr\u00e9sence sur le march\u00e9 africain en particulier au Mozambique, Guine Conakry, Guin\u00e9e Bissau et Sierra Leone.<\/p>\n<p>[\/et_pb_text][\/et_pb_column][et_pb_column type=&#8221;2_5&#8243; _builder_version=&#8221;3.25&#8243; custom_padding=&#8221;|||&#8221; custom_padding__hover=&#8221;|||&#8221;][et_pb_image src=&#8221;https:\/\/fabitrade.pt\/fr\/wp-content\/uploads\/2018\/10\/Artigos_Ca\u00e7a_01.png&#8221; align_tablet=&#8221;center&#8221; align_last_edited=&#8221;on|desktop&#8221; _builder_version=&#8221;3.23&#8243; custom_margin=&#8221;0px||0px||true&#8221; custom_padding=&#8221;0px||0px||true&#8221; border_radii=&#8221;on|5px|5px|5px|5px&#8221;][\/et_pb_image][\/et_pb_column][\/et_pb_row][\/et_pb_section][et_pb_section fb_built=&#8221;1&#8243; _builder_version=&#8221;3.22&#8243; background_color=&#8221;#42637b&#8221; custom_margin=&#8221;0px||0px||true&#8221; custom_padding=&#8221;0px||0px||true&#8221;][et_pb_row _builder_version=&#8221;3.25&#8243; custom_margin=&#8221;0px||0px||true&#8221; custom_padding=&#8221;80px||30px||false&#8221;][et_pb_column type=&#8221;4_4&#8243; _builder_version=&#8221;3.25&#8243; custom_padding=&#8221;|||&#8221; custom_padding__hover=&#8221;|||&#8221;][et_pb_text _builder_version=&#8221;3.27.4&#8243; text_font=&#8221;||||||||&#8221; header_font=&#8221;||||||||&#8221; header_2_font=&#8221;|||on|||||&#8221; header_2_text_align=&#8221;center&#8221; header_2_text_color=&#8221;#ffffff&#8221; text_orientation=&#8221;justified&#8221; custom_margin=&#8221;0px||0px||true&#8221; custom_padding=&#8221;0px||0px||true&#8221;]<\/p>\n<h2 >Voir nos catalogues<\/h2>\n<p>[\/et_pb_text][\/et_pb_column][\/et_pb_row][et_pb_row use_custom_gutter=&#8221;on&#8221; gutter_width=&#8221;2&#8243; module_class=&#8221;bt_h_whit et_pb_row_fullwidth&#8221; _builder_version=&#8221;3.25&#8243; width=&#8221;94%&#8221; width_tablet=&#8221;80%&#8221; width_last_edited=&#8221;on|desktop&#8221; max_width=&#8221;94%&#8221; max_width_tablet=&#8221;80%&#8221; max_width_last_edited=&#8221;on|desktop&#8221; custom_margin=&#8221;0px||0px||true&#8221; custom_padding=&#8221;0||80px||false|false&#8221; make_fullwidth=&#8221;on&#8221; column_structure=&#8221;1_5,1_5,1_5,1_5,1_5&#8243;][et_pb_column type=&#8221;1_5&#8243; _builder_version=&#8221;3.25&#8243; custom_padding=&#8221;|||&#8221; custom_padding__hover=&#8221;|||&#8221;][et_pb_image src=&#8221;https:\/\/fabitrade.pt\/fr\/wp-content\/uploads\/2018\/10\/Artigos_Ca\u00e7a_Cartaz_01.jpg&#8221; url=&#8221;https:\/\/fabitrade.pt\/fr\/wp-content\/uploads\/2018\/10\/Fabica%C3%A7a_Cartaz_1.pdf&#8221; url_new_window=&#8221;on&#8221; align=&#8221;center&#8221; align_tablet=&#8221;center&#8221; align_last_edited=&#8221;on|desktop&#8221; _builder_version=&#8221;3.23&#8243; custom_margin=&#8221;0px||0px||true&#8221; custom_padding=&#8221;0px||0px||true&#8221; border_radii=&#8221;on|5px|5px|5px|5px&#8221;][\/et_pb_image][et_pb_button button_url=&#8221;https:\/\/fabitrade.pt\/fr\/wp-content\/uploads\/2018\/10\/Fabica%C3%A7a_Cartaz_1.pdf&#8221; url_new_window=&#8221;on&#8221; button_text=&#8221;Cartouches de chasse&#8221; button_alignment=&#8221;center&#8221; _builder_version=&#8221;4.7.7&#8243; custom_margin=&#8221;25px||0px||false&#8221; custom_margin_tablet=&#8221;||30px&#8221; custom_margin_phone=&#8221;&#8221; custom_margin_last_edited=&#8221;on|tablet&#8221; hover_enabled=&#8221;0&#8243; background_layout=&#8221;dark&#8221; sticky_enabled=&#8221;0&#8243;][\/et_pb_button][\/et_pb_column][et_pb_column type=&#8221;1_5&#8243; _builder_version=&#8221;3.25&#8243; custom_padding=&#8221;|||&#8221; custom_padding__hover=&#8221;|||&#8221;][et_pb_image src=&#8221;https:\/\/fabitrade.pt\/fr\/wp-content\/uploads\/2018\/10\/Artigos_Ca\u00e7a_Cartaz_02.jpg&#8221; url=&#8221;https:\/\/fabitrade.pt\/fr\/wp-content\/uploads\/2018\/10\/Fabica%C3%A7a_Cartaz_2.pdf&#8221; url_new_window=&#8221;on&#8221; align=&#8221;center&#8221; align_tablet=&#8221;center&#8221; align_last_edited=&#8221;on|desktop&#8221; _builder_version=&#8221;3.23&#8243; custom_margin=&#8221;0px||0px||true&#8221; custom_padding=&#8221;0px||0px||true&#8221; border_radii=&#8221;on|5px|5px|5px|5px&#8221;][\/et_pb_image][et_pb_button button_url=&#8221;https:\/\/fabitrade.pt\/fr\/wp-content\/uploads\/2018\/10\/Fabica%C3%A7a_Cartaz_2.pdf&#8221; url_new_window=&#8221;on&#8221; button_text=&#8221;cartouches de tir&#8221; button_alignment=&#8221;center&#8221; _builder_version=&#8221;3.18.2&#8243; custom_margin=&#8221;25px||0px||false&#8221; custom_margin_tablet=&#8221;||30px&#8221; custom_margin_phone=&#8221;&#8221; custom_margin_last_edited=&#8221;on|tablet&#8221; background_layout=&#8221;dark&#8221;][\/et_pb_button][\/et_pb_column][et_pb_column type=&#8221;1_5&#8243; _builder_version=&#8221;3.25&#8243; custom_padding=&#8221;|||&#8221; custom_padding__hover=&#8221;|||&#8221;][et_pb_image src=&#8221;https:\/\/fabitrade.pt\/fr\/wp-content\/uploads\/2018\/10\/Artigos_Ca\u00e7a_Cartaz_03.jpg&#8221; url=&#8221;https:\/\/fabitrade.pt\/fr\/wp-content\/uploads\/2018\/10\/Fabica%C3%A7a_Cartaz_3.pdf&#8221; url_new_window=&#8221;on&#8221; align=&#8221;center&#8221; align_tablet=&#8221;center&#8221; align_last_edited=&#8221;on|desktop&#8221; _builder_version=&#8221;3.23&#8243; custom_margin=&#8221;0px||0px||true&#8221; custom_padding=&#8221;0px||0px||true&#8221; border_radii=&#8221;on|5px|5px|5px|5px&#8221;][\/et_pb_image][et_pb_button button_url=&#8221;https:\/\/fabitrade.pt\/fr\/wp-content\/uploads\/2018\/10\/Fabica%C3%A7a_Cartaz_3.pdf&#8221; url_new_window=&#8221;on&#8221; button_text=&#8221;Petit calibre&#8221; button_alignment=&#8221;center&#8221; _builder_version=&#8221;4.7.7&#8243; custom_margin=&#8221;25px||0px||false&#8221; custom_margin_tablet=&#8221;||30px&#8221; custom_margin_phone=&#8221;&#8221; custom_margin_last_edited=&#8221;on|tablet&#8221; hover_enabled=&#8221;0&#8243; background_layout=&#8221;dark&#8221; sticky_enabled=&#8221;0&#8243;][\/et_pb_button][\/et_pb_column][et_pb_column type=&#8221;1_5&#8243; _builder_version=&#8221;3.25&#8243; custom_padding=&#8221;|||&#8221; custom_padding__hover=&#8221;|||&#8221;][et_pb_image src=&#8221;https:\/\/fabitrade.pt\/fr\/wp-content\/uploads\/2018\/10\/Artigos_Ca\u00e7a_Cartaz_04.jpg&#8221; url=&#8221;https:\/\/fabitrade.pt\/fr\/wp-content\/uploads\/2018\/10\/Fabica%C3%A7a_Cartaz_4.pdf&#8221; url_new_window=&#8221;on&#8221; align=&#8221;center&#8221; align_tablet=&#8221;center&#8221; align_last_edited=&#8221;on|desktop&#8221; _builder_version=&#8221;3.23&#8243; custom_margin=&#8221;0px||0px||true&#8221; custom_padding=&#8221;0px||0px||true&#8221; border_radii=&#8221;on|5px|5px|5px|5px&#8221;][\/et_pb_image][et_pb_button button_url=&#8221;https:\/\/fabitrade.pt\/fr\/wp-content\/uploads\/2018\/10\/Fabica%C3%A7a_Cartaz_4.pdf&#8221; url_new_window=&#8221;on&#8221; button_text=&#8221;Chumbo&#8221; button_alignment=&#8221;center&#8221; _builder_version=&#8221;3.18.2&#8243; custom_margin=&#8221;25px||0px||false&#8221; custom_margin_tablet=&#8221;||30px&#8221; custom_margin_phone=&#8221;&#8221; custom_margin_last_edited=&#8221;on|desktop&#8221; background_layout=&#8221;dark&#8221;][\/et_pb_button][\/et_pb_column][et_pb_column type=&#8221;1_5&#8243; _builder_version=&#8221;3.25&#8243; custom_padding=&#8221;|||&#8221; custom_padding__hover=&#8221;|||&#8221;][et_pb_image src=&#8221;https:\/\/fabitrade.pt\/fr\/wp-content\/uploads\/2018\/10\/Artigos_Ca\u00e7a_Cartaz_05.jpg&#8221; url=&#8221;https:\/\/fabitrade.pt\/fr\/wp-content\/uploads\/2018\/10\/Fabica%C3%A7a_Cartaz_5.pdf&#8221; url_new_window=&#8221;on&#8221; align=&#8221;center&#8221; align_tablet=&#8221;center&#8221; align_last_edited=&#8221;on|desktop&#8221; _builder_version=&#8221;3.23&#8243; custom_margin=&#8221;0px||0px||true&#8221; custom_padding=&#8221;0px||0px||true&#8221; border_radii=&#8221;on|5px|5px|5px|5px&#8221;][\/et_pb_image][et_pb_button button_url=&#8221;https:\/\/fabitrade.pt\/fr\/wp-content\/uploads\/2018\/10\/Fabica%C3%A7a_Cartaz_5.pdf&#8221; url_new_window=&#8221;on&#8221; button_text=&#8221;Special loads&#8221; button_alignment=&#8221;center&#8221; _builder_version=&#8221;3.18.2&#8243; custom_margin=&#8221;25px||0px||false&#8221; background_layout=&#8221;dark&#8221;][\/et_pb_button][\/et_pb_column][\/et_pb_row][\/et_pb_section][et_pb_section fb_built=&#8221;1&#8243; custom_padding_last_edited=&#8221;on|desktop&#8221; _builder_version=&#8221;3.22&#8243; custom_margin=&#8221;0px||0px||true&#8221; custom_padding=&#8221;100px||100px||true&#8221; custom_padding_tablet=&#8221;80px||80px||true&#8221; custom_padding_phone=&#8221;60px||60px||true&#8221;][et_pb_row _builder_version=&#8221;3.25&#8243; custom_margin=&#8221;0px||0px||true&#8221; custom_padding=&#8221;0px||0px||false&#8221;][et_pb_column type=&#8221;4_4&#8243; _builder_version=&#8221;3.25&#8243; custom_padding=&#8221;|||&#8221; custom_padding__hover=&#8221;|||&#8221;][et_pb_cta title=&#8221;Pour plus d&#8217;informations contactez-nous&#8221; _builder_version=&#8221;3.17.6&#8243; header_font=&#8221;|||on|||||&#8221; use_background_color=&#8221;off&#8221; background_layout=&#8221;light&#8221; max_width=&#8221;850px&#8221; module_alignment=&#8221;center&#8221; custom_margin=&#8221;0px||0px||true&#8221; custom_padding=&#8221;0px|20px|0px|20px|true|true&#8221; custom_css_promo_description=&#8221;padding-bottom: 0px;&#8221;]Pour plus d&#8217;informations sur notre soci\u00e9t\u00e9 n&#8217;h\u00e9sitez pas \u00e0 nous contacter via notre contactez-nous ou en remplissant notre formulaire de contact.[\/et_pb_cta][\/et_pb_column][\/et_pb_row][et_pb_row module_class=&#8221;blurb_ico&#8221; _builder_version=&#8221;3.25&#8243; max_width=&#8221;580px&#8221; custom_margin=&#8221;0px||0px||true&#8221; custom_padding=&#8221;20px|0px|40px|0px|false|false&#8221; use_custom_width=&#8221;on&#8221; custom_width_px=&#8221;580px&#8221; column_structure=&#8221;1_2,1_2&#8243;][et_pb_column type=&#8221;1_2&#8243; _builder_version=&#8221;3.25&#8243; custom_padding=&#8221;|||&#8221; custom_padding__hover=&#8221;|||&#8221;][et_pb_blurb use_icon=&#8221;on&#8221; font_icon=&#8221;%%264%%&#8221; icon_color=&#8221;#42637b&#8221; icon_placement=&#8221;left&#8221; content_max_width=&#8221;100%&#8221; use_icon_font_size=&#8221;on&#8221; icon_font_size=&#8221;20px&#8221; _builder_version=&#8221;3.17&#8243; body_font=&#8221;||||||||&#8221; max_width=&#8221;230px&#8221; module_alignment=&#8221;center&#8221; custom_margin=&#8221;0px||0px||true&#8221; custom_padding=&#8221;0px||0px||true&#8221; animation=&#8221;off&#8221;]Tel: <a href=\"tel:+351 219 409 930\">+351 219 409 930<\/a><br \/>\n[\/et_pb_blurb][\/et_pb_column][et_pb_column type=&#8221;1_2&#8243; _builder_version=&#8221;3.25&#8243; custom_padding=&#8221;|||&#8221; custom_padding__hover=&#8221;|||&#8221;][et_pb_blurb use_icon=&#8221;on&#8221; font_icon=&#8221;%%238%%&#8221; icon_color=&#8221;#42637b&#8221; icon_placement=&#8221;left&#8221; content_max_width=&#8221;100%&#8221; use_icon_font_size=&#8221;on&#8221; icon_font_size=&#8221;20px&#8221; _builder_version=&#8221;3.17&#8243; body_font=&#8221;||||||||&#8221; max_width=&#8221;275px&#8221; module_alignment=&#8221;center&#8221; custom_margin=&#8221;0px||0px||true&#8221; custom_padding=&#8221;0px||0px||true&#8221; animation=&#8221;off&#8221;]Email: <a href=\"mailto:fabitrade@fabitrade.pt\">fabitrade@fabitrade.pt<\/a><br \/>\n[\/et_pb_blurb][\/et_pb_column][\/et_pb_row][et_pb_row _builder_version=&#8221;3.25&#8243; custom_margin=&#8221;0px||0px||true&#8221; custom_padding=&#8221;0px||0px||true&#8221;][et_pb_column type=&#8221;4_4&#8243; _builder_version=&#8221;3.25&#8243; custom_padding=&#8221;|||&#8221; custom_padding__hover=&#8221;|||&#8221;][et_pb_button button_url=&#8221;https:\/\/fabitrade.pt\/fr\/contactos\/#form&#8221; button_text=&#8221;Formulaire de contact&#8221; button_alignment=&#8221;center&#8221; _builder_version=&#8221;3.18.2&#8243; custom_margin=&#8221;0px||0px||true&#8221;][\/et_pb_button][\/et_pb_column][\/et_pb_row][\/et_pb_section][et_pb_section fb_built=&#8221;1&#8243; disabled_on=&#8221;off|off|off&#8221; _builder_version=&#8221;3.18.2&#8243; background_image=&#8221;https:\/\/fabitrade.pt\/fr\/wp-content\/uploads\/2018\/10\/Fabitrade_MainHeader_bk_01.jpg&#8221; custom_margin=&#8221;0px||0px||true&#8221; custom_padding=&#8221;0px||0px||true&#8221; custom_padding_tablet=&#8221;0px||0px|&#8221; padding_mobile=&#8221;on&#8221; global_module=&#8221;34289&#8243;][et_pb_row use_custom_gutter=&#8221;on&#8221; gutter_width=&#8221;2&#8243; column_padding_mobile=&#8221;on&#8221; module_class=&#8221; et_pb_row_fullwidth&#8221; _builder_version=&#8221;3.25&#8243; background_size=&#8221;initial&#8221; background_position=&#8221;top_left&#8221; background_repeat=&#8221;repeat&#8221; width=&#8221;94%&#8221; width_tablet=&#8221;80%&#8221; width_last_edited=&#8221;on|desktop&#8221; max_width=&#8221;94%&#8221; max_width_tablet=&#8221;80%&#8221; max_width_last_edited=&#8221;on|desktop&#8221; custom_margin=&#8221;0px||0px||true&#8221; custom_padding=&#8221;35px||35px||true&#8221; make_fullwidth=&#8221;on&#8221; column_structure=&#8221;2_3,1_3&#8243;][et_pb_column type=&#8221;2_3&#8243; _builder_version=&#8221;3.25&#8243; custom_padding=&#8221;|||&#8221; custom_padding__hover=&#8221;|||&#8221;][et_pb_text admin_label=&#8221;Rodape nome do site&#8221; _builder_version=&#8221;3.27.4&#8243; text_font=&#8221;|300|||||||&#8221; text_font_size=&#8221;14px&#8221; text_line_height=&#8221;1.3em&#8221; header_font=&#8221;||||||||&#8221; background_size=&#8221;initial&#8221; background_position=&#8221;top_left&#8221; background_repeat=&#8221;repeat&#8221; background_layout=&#8221;dark&#8221; custom_margin=&#8221;0px||0px||true&#8221; custom_padding=&#8221;0px||0px||false&#8221;]<\/p>\n<p>\u00a9 Fabitrade &#8211; Import\/Export Lda.<\/p>\n<p>[\/et_pb_text][et_pb_text admin_label=&#8221;Rodape nome do site&#8221; module_class=&#8221;linkfooter&#8221; _builder_version=&#8221;3.27.4&#8243; text_font=&#8221;|300|||||||&#8221; text_text_color=&#8221;#cccccc&#8221; text_font_size=&#8221;12px&#8221; text_line_height=&#8221;1.3em&#8221; header_font=&#8221;||||||||&#8221; background_size=&#8221;initial&#8221; background_position=&#8221;top_left&#8221; background_repeat=&#8221;repeat&#8221; custom_margin=&#8221;0px||0px||true&#8221; custom_padding=&#8221;5px||5px||true&#8221;]<\/p>\n<p><a href=\"https:\/\/fabitrade.pt\/fr\/protecao-de-dados\/#PP\">Privacy Policy<\/a> | <a href=\"https:\/\/fabitrade.pt\/fr\/protecao-de-dados\/#RLO\">Online Dispute Resolution<\/a> | <a href=\"https:\/\/fabitrade.pt\/fr\/protecao-de-dados\/#PC\">Cookies Policy<\/a><\/p>\n<p>[\/et_pb_text][et_pb_text admin_label=&#8221;Rodape nome do site&#8221; module_class=&#8221;linkfooter&#8221; _builder_version=&#8221;3.27.4&#8243; text_font=&#8221;|300|||||||&#8221; text_text_color=&#8221;#cccccc&#8221; text_font_size=&#8221;12px&#8221; text_line_height=&#8221;1.3em&#8221; header_font=&#8221;||||||||&#8221; background_size=&#8221;initial&#8221; background_position=&#8221;top_left&#8221; background_repeat=&#8221;repeat&#8221; custom_margin=&#8221;0px||0px||true&#8221; custom_padding=&#8221;0px||0px||true&#8221;]<\/p>\n<p>webdesign by: <a href=\"https:\/\/criativo.net\/\" target=\"_blank\" rel=\"noopener\">criativo.net<\/a><\/p>\n<p>[\/et_pb_text][\/et_pb_column][et_pb_column type=&#8221;1_3&#8243; _builder_version=&#8221;3.25&#8243; custom_padding=&#8221;|||&#8221; custom_padding__hover=&#8221;|||&#8221;][et_pb_image src=&#8221;https:\/\/fabitrade.pt\/fr\/wp-content\/uploads\/2018\/12\/certificado-ssl-en_white.png&#8221; align=&#8221;right&#8221; align_tablet=&#8221;center&#8221; align_last_edited=&#8221;on|desktop&#8221; _builder_version=&#8221;3.23&#8243; custom_margin=&#8221;0px|70px|-35px|0px|false|false&#8221; custom_margin_tablet=&#8221;0px|0px|0px|0px|true|true&#8221; custom_margin_phone=&#8221;&#8221; custom_margin_last_edited=&#8221;on|desktop&#8221; custom_padding=&#8221;0px|0px|0px|0px|true|true&#8221;][\/et_pb_image][et_pb_image src=&#8221;https:\/\/fabitrade.pt\/fr\/wp-content\/uploads\/2018\/10\/Logo_PME_lider.png&#8221; align=&#8221;right&#8221; align_tablet=&#8221;center&#8221; align_last_edited=&#8221;on|desktop&#8221; _builder_version=&#8221;3.23&#8243; custom_margin=&#8221;0px||0px||true&#8221; custom_padding=&#8221;0px||0px||true&#8221;][\/et_pb_image][\/et_pb_column][\/et_pb_row][\/et_pb_section]<\/p>\n","protected":false},"excerpt":{"rendered":"<p>[et_pb_section fb_built=&#8221;1&#8243; _builder_version=&#8221;3.22&#8243; background_image=&#8221;https:\/\/fabitrade.pt\/fr\/wp-content\/uploads\/2018\/10\/Fabitrade_Banner_01.jpg&#8221; custom_margin=&#8221;0px||0px||true&#8221; custom_padding=&#8221;0px||0px||true&#8221;][et_pb_row use_custom_gutter=&#8221;on&#8221; gutter_width=&#8221;1&#8243; module_class=&#8221; et_pb_row_fullwidth&#8221; _builder_version=&#8221;3.25&#8243; background_color=&#8221;rgba(66,99,123,0.6)&#8221; width=&#8221;100%&#8221; width_tablet=&#8221;100%&#8221; width_last_edited=&#8221;on|desktop&#8221; max_width=&#8221;100%&#8221; max_width_tablet=&#8221;100%&#8221; max_width_last_edited=&#8221;on|desktop&#8221; custom_margin=&#8221;0px||0px||true&#8221; custom_padding=&#8221;100px||100px||true&#8221; make_fullwidth=&#8221;on&#8221;][et_pb_column type=&#8221;4_4&#8243; _builder_version=&#8221;3.25&#8243; custom_padding=&#8221;|||&#8221; custom_padding__hover=&#8221;|||&#8221;][et_pb_text _builder_version=&#8221;3.27.4&#8243; text_font=&#8221;||||||||&#8221; header_font=&#8221;|||on|||||&#8221; header_3_font=&#8221;|||on|||||&#8221; header_3_text_color=&#8221;#b5c5ce&#8221; text_orientation=&#8221;center&#8221; background_layout=&#8221;dark&#8221; max_width=&#8221;560px&#8221; module_alignment=&#8221;center&#8221; custom_margin=&#8221;0px||0px||true&#8221; custom_padding=&#8221;0px||0px||true&#8221;] ARTICLES DE CHASSE ARMES ET CARTOUCHES DE HAUTE QUALIT\u00c9 [\/et_pb_text][et_pb_divider color=&#8221;#b5c5ce&#8221; divider_position=&#8221;center&#8221; divider_weight=&#8221;4px&#8221; _builder_version=&#8221;3.17&#8243; max_width=&#8221;80px&#8221; module_alignment=&#8221;center&#8221; height=&#8221;40px&#8221; custom_margin=&#8221;0px||20px||false&#8221; custom_padding=&#8221;0px||0px||true&#8221;][\/et_pb_divider][et_pb_text [&hellip;]<\/p>\n","protected":false},"author":3,"featured_media":0,"parent":0,"menu_order":0,"comment_status":"closed","ping_status":"closed","template":"","meta":{"_et_pb_use_builder":"on","_et_pb_old_content":"C","_et_gb_content_width":"","footnotes":""},"class_list":["post-38210","page","type-page","status-publish","hentry"],"_links":{"self":[{"href":"https:\/\/fabitrade.pt\/fr\/wp-json\/wp\/v2\/pages\/38210","targetHints":{"allow":["GET"]}}],"collection":[{"href":"https:\/\/fabitrade.pt\/fr\/wp-json\/wp\/v2\/pages"}],"about":[{"href":"https:\/\/fabitrade.pt\/fr\/wp-json\/wp\/v2\/types\/page"}],"author":[{"embeddable":true,"href":"https:\/\/fabitrade.pt\/fr\/wp-json\/wp\/v2\/users\/3"}],"replies":[{"embeddable":true,"href":"https:\/\/fabitrade.pt\/fr\/wp-json\/wp\/v2\/comments?post=38210"}],"version-history":[{"count":19,"href":"https:\/\/fabitrade.pt\/fr\/wp-json\/wp\/v2\/pages\/38210\/revisions"}],"predecessor-version":[{"id":38356,"href":"https:\/\/fabitrade.pt\/fr\/wp-json\/wp\/v2\/pages\/38210\/revisions\/38356"}],"wp:attachment":[{"href":"https:\/\/fabitrade.pt\/fr\/wp-json\/wp\/v2\/media?parent=38210"}],"curies":[{"name":"wp","href":"https:\/\/api.w.org\/{rel}","templated":true}]}}