{"id":38076,"date":"2018-10-15T14:49:20","date_gmt":"2018-10-15T14:49:20","guid":{"rendered":"http:\/\/fabitrade.pt\/fr\/?page_id=38076"},"modified":"2018-12-11T10:26:12","modified_gmt":"2018-12-11T10:26:12","slug":"fabitrade","status":"publish","type":"page","link":"https:\/\/fabitrade.pt\/fr\/fabitrade\/","title":{"rendered":"Fabitrade"},"content":{"rendered":"<p>[et_pb_section fb_built=&#8221;1&#8243; _builder_version=&#8221;3.17&#8243; custom_margin=&#8221;0px||0px||true&#8221; custom_padding=&#8221;0px||0px||true&#8221;][et_pb_row make_fullwidth=&#8221;on&#8221; use_custom_gutter=&#8221;on&#8221; gutter_width=&#8221;1&#8243; custom_padding=&#8221;0px||0px||true&#8221; custom_margin=&#8221;0px||0px||true&#8221; make_equal=&#8221;on&#8221; background_color_1=&#8221;#f2f2f2&#8243; bg_img_2=&#8221;https:\/\/fabitrade.pt\/fr\/wp-content\/uploads\/2018\/11\/Favitrade_Empresa_01.2.jpg&#8221; padding_top_bottom_link_1=&#8221;true&#8221; padding_left_right_link_1=&#8221;true&#8221; padding_top_1=&#8221;80px&#8221; padding_right_1=&#8221;30px&#8221; padding_bottom_1=&#8221;80px&#8221; padding_left_1=&#8221;30px&#8221; padding_1_tablet=&#8221;60px|25px|60px|25px|true|true&#8221; padding_1_phone=&#8221;|20px||20px||true&#8221; padding_1_last_edited=&#8221;on|desktop&#8221; module_class=&#8221;bott_md&#8221; _builder_version=&#8221;3.18.2&#8243; background_size=&#8221;initial&#8221; background_position=&#8221;top_left&#8221; background_repeat=&#8221;repeat&#8221;][et_pb_column type=&#8221;1_2&#8243; _builder_version=&#8221;3.0.47&#8243; padding_phone=&#8221;|20px||20px||true&#8221; padding_tablet=&#8221;60px|25px|60px|25px|true|true&#8221; padding_last_edited=&#8221;on|desktop&#8221; padding_bottom=&#8221;80px&#8221; padding_left=&#8221;30px&#8221; padding_right=&#8221;30px&#8221; padding_top=&#8221;80px&#8221; background_color=&#8221;#f2f2f2&#8243; parallax=&#8221;off&#8221; parallax_method=&#8221;on&#8221;][et_pb_text _builder_version=&#8221;3.17.6&#8243; text_font=&#8221;||||||||&#8221; header_font=&#8221;|||on|||||&#8221; header_3_font=&#8221;|||on|||||&#8221; header_3_text_color=&#8221;#087bc5&#8243; max_width=&#8221;560px&#8221; module_alignment=&#8221;center&#8221; custom_margin=&#8221;0px||0px||true&#8221; custom_padding=&#8221;0px||0px||true&#8221;]<\/p>\n<h1 style=\"padding-bottom: 0px;\">Fabitrade<\/h1>\n<h3 style=\"padding-bottom: 0px;\">Import &#038; Export Lda.<\/h3>\n<p>[\/et_pb_text][et_pb_divider color=&#8221;#b5c5ce&#8221; divider_position=&#8221;center&#8221; divider_weight=&#8221;4px&#8221; height=&#8221;40px&#8221; _builder_version=&#8221;3.17&#8243; max_width=&#8221;560px&#8221; module_alignment=&#8221;center&#8221; custom_margin=&#8221;0px||20px||false&#8221; custom_padding=&#8221;0px||0px||true&#8221; custom_css_before=&#8221;max-width: 80px;&#8221;][\/et_pb_divider][et_pb_text _builder_version=&#8221;3.17.6&#8243; text_font=&#8221;||||||||&#8221; text_orientation=&#8221;justified&#8221; max_width=&#8221;560px&#8221; module_alignment=&#8221;center&#8221; custom_margin=&#8221;0px||0px||true&#8221; custom_padding=&#8221;0px||0px||true&#8221;]<\/p>\n<p>Fabitrade Lda a commenc\u00e9 son activit\u00e9 en 1992 et depuis cette date a d\u00e9velopp\u00e9 ses activit\u00e9s en particulier dans l&#8217;exportation de produits alimentaires (sucre, riz, huile alimentaire&#8230;.), cartouches et armes de chasse, bitume, accessoires automobiles, v\u00e8lo et motos, machinerie , \u00e9quipement agricole, etc&#8230;, pour le march\u00e9 africain; Mozambique, Guine Bissau, Guine Conakry, Gambie, Sierra Leone et S\u00e9n\u00e9gal.<\/p>\n<p>Au Mozambique, Fabitrade Lda est associ\u00e9e \u00e0 la soci\u00e9t\u00e9 Casa Fabi\u00e3o Lda avec des installations \u00e0 Nampula et Maputo.<\/p>\n<p>[\/et_pb_text][et_pb_button button_url=&#8221;https:\/\/fabitrade.pt\/fr\/produtos\/&#8221; button_text=&#8221;Voir les produits&#8221; button_alignment=&#8221;left&#8221; _builder_version=&#8221;3.18.2&#8243; custom_margin=&#8221;30px||0px||false&#8221;][\/et_pb_button][\/et_pb_column][et_pb_column type=&#8221;1_2&#8243; _builder_version=&#8221;3.0.47&#8243; bg_img=&#8221;https:\/\/fabitrade.pt\/fr\/wp-content\/uploads\/2018\/11\/Favitrade_Empresa_01.2.jpg&#8221; parallax=&#8221;off&#8221; parallax_method=&#8221;on&#8221;][et_pb_divider show_divider=&#8221;off&#8221; height=&#8221;300px&#8221; _builder_version=&#8221;3.17&#8243; custom_margin=&#8221;0px||0px||true&#8221; custom_padding=&#8221;0px||0px||true&#8221;][\/et_pb_divider][\/et_pb_column][\/et_pb_row][\/et_pb_section][et_pb_section fb_built=&#8221;1&#8243; custom_padding_last_edited=&#8221;on|desktop&#8221; _builder_version=&#8221;3.17&#8243; custom_margin=&#8221;0px||0px||true&#8221; custom_padding=&#8221;100px||100px||true&#8221; custom_padding_tablet=&#8221;80px||80px||true&#8221; custom_padding_phone=&#8221;60px||60px||true&#8221;][et_pb_row custom_padding=&#8221;0px||0px||false&#8221; custom_margin=&#8221;0px||0px||true&#8221; _builder_version=&#8221;3.17&#8243;][et_pb_column type=&#8221;4_4&#8243; _builder_version=&#8221;3.0.47&#8243; parallax=&#8221;off&#8221; parallax_method=&#8221;on&#8221;][et_pb_cta title=&#8221;Pour plus d&#8217;informations contactez-nous&#8221; _builder_version=&#8221;3.17.6&#8243; header_font=&#8221;|||on|||||&#8221; use_background_color=&#8221;off&#8221; background_layout=&#8221;light&#8221; max_width=&#8221;850px&#8221; module_alignment=&#8221;center&#8221; custom_margin=&#8221;0px||0px||true&#8221; custom_padding=&#8221;0px|20px|0px|20px|true|true&#8221; custom_css_promo_description=&#8221;padding-bottom: 0px;&#8221;]Pour plus d&#8217;informations sur notre soci\u00e9t\u00e9 n&#8217;h\u00e9sitez pas \u00e0 nous contacter via notre contactez-nous ou en remplissant notre formulaire de contact[\/et_pb_cta][\/et_pb_column][\/et_pb_row][et_pb_row use_custom_width=&#8221;on&#8221; custom_width_px=&#8221;580px&#8221; custom_padding=&#8221;20px|0px|40px|0px|false|false&#8221; custom_margin=&#8221;0px||0px||true&#8221; module_class=&#8221;blurb_ico&#8221; _builder_version=&#8221;3.17&#8243;][et_pb_column type=&#8221;1_2&#8243; _builder_version=&#8221;3.17&#8243; parallax=&#8221;off&#8221; parallax_method=&#8221;on&#8221;][et_pb_blurb use_icon=&#8221;on&#8221; font_icon=&#8221;%%264%%&#8221; icon_color=&#8221;#42637b&#8221; icon_placement=&#8221;left&#8221; content_max_width=&#8221;100%&#8221; use_icon_font_size=&#8221;on&#8221; icon_font_size=&#8221;20px&#8221; _builder_version=&#8221;3.17&#8243; body_font=&#8221;||||||||&#8221; max_width=&#8221;230px&#8221; module_alignment=&#8221;center&#8221; custom_margin=&#8221;0px||0px||true&#8221; custom_padding=&#8221;0px||0px||true&#8221; animation=&#8221;off&#8221;]Tel: <a href=\"tel:+351 219 409 930\">+351 219 409 930<\/a>[\/et_pb_blurb][\/et_pb_column][et_pb_column type=&#8221;1_2&#8243; _builder_version=&#8221;3.17&#8243; parallax=&#8221;off&#8221; parallax_method=&#8221;on&#8221;][et_pb_blurb use_icon=&#8221;on&#8221; font_icon=&#8221;%%238%%&#8221; icon_color=&#8221;#42637b&#8221; icon_placement=&#8221;left&#8221; content_max_width=&#8221;100%&#8221; use_icon_font_size=&#8221;on&#8221; icon_font_size=&#8221;20px&#8221; _builder_version=&#8221;3.17&#8243; body_font=&#8221;||||||||&#8221; max_width=&#8221;275px&#8221; module_alignment=&#8221;center&#8221; custom_margin=&#8221;0px||0px||true&#8221; custom_padding=&#8221;0px||0px||true&#8221; animation=&#8221;off&#8221;]Email: <a href=\"mailto:fabitrade@fabitrade.pt\">fabitrade@fabitrade.pt<\/a>[\/et_pb_blurb][\/et_pb_column][\/et_pb_row][et_pb_row custom_padding=&#8221;0px||0px||true&#8221; custom_margin=&#8221;0px||0px||true&#8221; _builder_version=&#8221;3.17&#8243;][et_pb_column type=&#8221;4_4&#8243; _builder_version=&#8221;3.17&#8243; parallax=&#8221;off&#8221; parallax_method=&#8221;on&#8221;][et_pb_button button_url=&#8221;https:\/\/fabitrade.pt\/fr\/contactos\/#form&#8221; button_text=&#8221;Formulaire de contact&#8221; button_alignment=&#8221;center&#8221; _builder_version=&#8221;3.18.2&#8243; custom_margin=&#8221;0px||0px||true&#8221;][\/et_pb_button][\/et_pb_column][\/et_pb_row][\/et_pb_section][et_pb_section fb_built=&#8221;1&#8243; disabled_on=&#8221;off|off|off&#8221; _builder_version=&#8221;3.18.2&#8243; background_image=&#8221;https:\/\/fabitrade.pt\/fr\/wp-content\/uploads\/2018\/10\/Fabitrade_MainHeader_bk_01.jpg&#8221; custom_margin=&#8221;0px||0px||true&#8221; custom_padding=&#8221;0px||0px||true&#8221; custom_padding_tablet=&#8221;0px||0px|&#8221; padding_mobile=&#8221;on&#8221; global_module=&#8221;34289&#8243;][et_pb_row make_fullwidth=&#8221;on&#8221; use_custom_gutter=&#8221;on&#8221; gutter_width=&#8221;2&#8243; custom_padding=&#8221;35px||35px||true&#8221; custom_margin=&#8221;0px||0px||true&#8221; column_padding_mobile=&#8221;on&#8221; parallax_method_1=&#8221;off&#8221; parallax_method_2=&#8221;off&#8221; parallax_method_3=&#8221;off&#8221; _builder_version=&#8221;3.17&#8243; background_size=&#8221;initial&#8221; background_position=&#8221;top_left&#8221; background_repeat=&#8221;repeat&#8221;][et_pb_column type=&#8221;2_3&#8243; _builder_version=&#8221;3.0.47&#8243; column_padding_mobile=&#8221;on&#8221; parallax=&#8221;off&#8221; parallax_method=&#8221;off&#8221;][et_pb_text admin_label=&#8221;Rodape nome do site&#8221; _builder_version=&#8221;3.17&#8243; text_font=&#8221;|300|||||||&#8221; text_font_size=&#8221;14px&#8221; text_line_height=&#8221;1.3em&#8221; header_font=&#8221;||||||||&#8221; background_size=&#8221;initial&#8221; background_position=&#8221;top_left&#8221; background_repeat=&#8221;repeat&#8221; background_layout=&#8221;dark&#8221; custom_margin=&#8221;0px||0px||true&#8221; custom_padding=&#8221;0px||0px||false&#8221;]<\/p>\n<p>\u00a9 Fabitrade &#8211; Import\/Export Lda.<\/p>\n<p>[\/et_pb_text][et_pb_text admin_label=&#8221;Rodape nome do site&#8221; module_class=&#8221;linkfooter&#8221; _builder_version=&#8221;3.18.2&#8243; text_font=&#8221;|300|||||||&#8221; text_text_color=&#8221;#cccccc&#8221; text_font_size=&#8221;12px&#8221; text_line_height=&#8221;1.3em&#8221; header_font=&#8221;||||||||&#8221; background_size=&#8221;initial&#8221; background_position=&#8221;top_left&#8221; background_repeat=&#8221;repeat&#8221; custom_margin=&#8221;0px||0px||true&#8221; custom_padding=&#8221;5px||5px||true&#8221;]<\/p>\n<p><a href=\"https:\/\/fabitrade.pt\/fr\/protecao-de-dados\/#PP\">Privacy Policy<\/a> | <a href=\"https:\/\/fabitrade.pt\/fr\/protecao-de-dados\/#RLO\">Online Dispute Resolution<\/a> | <a href=\"https:\/\/fabitrade.pt\/fr\/protecao-de-dados\/#PC\">Cookies Policy<\/a><\/p>\n<p>[\/et_pb_text][et_pb_text admin_label=&#8221;Rodape nome do site&#8221; module_class=&#8221;linkfooter&#8221; _builder_version=&#8221;3.10.1&#8243; text_font=&#8221;|300|||||||&#8221; text_text_color=&#8221;#cccccc&#8221; text_font_size=&#8221;12px&#8221; text_line_height=&#8221;1.3em&#8221; header_font=&#8221;||||||||&#8221; background_size=&#8221;initial&#8221; background_position=&#8221;top_left&#8221; background_repeat=&#8221;repeat&#8221; custom_margin=&#8221;0px||0px||true&#8221; custom_padding=&#8221;0px||0px||true&#8221;]<\/p>\n<p>webdesign by: <a href=\"https:\/\/criativo.net\/\" target=\"_blank\" >criativo.net<\/a><\/p>\n<p>[\/et_pb_text][\/et_pb_column][et_pb_column type=&#8221;1_3&#8243; _builder_version=&#8221;3.0.47&#8243; column_padding_mobile=&#8221;on&#8221; parallax=&#8221;off&#8221; parallax_method=&#8221;off&#8221;][et_pb_image src=&#8221;https:\/\/fabitrade.pt\/fr\/wp-content\/uploads\/2018\/12\/certificado-ssl-en_white.png&#8221; align=&#8221;right&#8221; _builder_version=&#8221;3.18.2&#8243; custom_margin=&#8221;0px|70px|-35px|0px|false|false&#8221; custom_margin_tablet=&#8221;0px|0px|0px|0px|true|true&#8221; custom_margin_last_edited=&#8221;on|desktop&#8221; custom_padding=&#8221;0px|0px|0px|0px|true|true&#8221;][\/et_pb_image][et_pb_image src=&#8221;https:\/\/fabitrade.pt\/fr\/wp-content\/uploads\/2018\/10\/Logo_PME_lider.png&#8221; align=&#8221;right&#8221; _builder_version=&#8221;3.18.2&#8243; custom_margin=&#8221;0px||0px||true&#8221; custom_padding=&#8221;0px||0px||true&#8221;][\/et_pb_image][\/et_pb_column][\/et_pb_row][\/et_pb_section]<\/p>\n","protected":false},"excerpt":{"rendered":"<p>[et_pb_section fb_built=&#8221;1&#8243; _builder_version=&#8221;3.17&#8243; custom_margin=&#8221;0px||0px||true&#8221; custom_padding=&#8221;0px||0px||true&#8221;][et_pb_row make_fullwidth=&#8221;on&#8221; use_custom_gutter=&#8221;on&#8221; gutter_width=&#8221;1&#8243; custom_padding=&#8221;0px||0px||true&#8221; custom_margin=&#8221;0px||0px||true&#8221; make_equal=&#8221;on&#8221; background_color_1=&#8221;#f2f2f2&#8243; bg_img_2=&#8221;https:\/\/fabitrade.pt\/fr\/wp-content\/uploads\/2018\/11\/Favitrade_Empresa_01.2.jpg&#8221; padding_top_bottom_link_1=&#8221;true&#8221; padding_left_right_link_1=&#8221;true&#8221; padding_top_1=&#8221;80px&#8221; padding_right_1=&#8221;30px&#8221; padding_bottom_1=&#8221;80px&#8221; padding_left_1=&#8221;30px&#8221; padding_1_tablet=&#8221;60px|25px|60px|25px|true|true&#8221; padding_1_phone=&#8221;|20px||20px||true&#8221; padding_1_last_edited=&#8221;on|desktop&#8221; module_class=&#8221;bott_md&#8221; _builder_version=&#8221;3.18.2&#8243; background_size=&#8221;initial&#8221; background_position=&#8221;top_left&#8221; background_repeat=&#8221;repeat&#8221;][et_pb_column type=&#8221;1_2&#8243; _builder_version=&#8221;3.0.47&#8243; padding_phone=&#8221;|20px||20px||true&#8221; padding_tablet=&#8221;60px|25px|60px|25px|true|true&#8221; padding_last_edited=&#8221;on|desktop&#8221; padding_bottom=&#8221;80px&#8221; padding_left=&#8221;30px&#8221; padding_right=&#8221;30px&#8221; padding_top=&#8221;80px&#8221; background_color=&#8221;#f2f2f2&#8243; parallax=&#8221;off&#8221; parallax_method=&#8221;on&#8221;][et_pb_text _builder_version=&#8221;3.17.6&#8243; text_font=&#8221;||||||||&#8221; header_font=&#8221;|||on|||||&#8221; header_3_font=&#8221;|||on|||||&#8221; header_3_text_color=&#8221;#087bc5&#8243; max_width=&#8221;560px&#8221; module_alignment=&#8221;center&#8221; custom_margin=&#8221;0px||0px||true&#8221; custom_padding=&#8221;0px||0px||true&#8221;] Fabitrade Import &#038; Export Lda. [\/et_pb_text][et_pb_divider color=&#8221;#b5c5ce&#8221; [&hellip;]<\/p>\n","protected":false},"author":3,"featured_media":0,"parent":0,"menu_order":0,"comment_status":"closed","ping_status":"closed","template":"","meta":{"_et_pb_use_builder":"on","_et_pb_old_content":"","_et_gb_content_width":"","footnotes":""},"class_list":["post-38076","page","type-page","status-publish","hentry"],"_links":{"self":[{"href":"https:\/\/fabitrade.pt\/fr\/wp-json\/wp\/v2\/pages\/38076","targetHints":{"allow":["GET"]}}],"collection":[{"href":"https:\/\/fabitrade.pt\/fr\/wp-json\/wp\/v2\/pages"}],"about":[{"href":"https:\/\/fabitrade.pt\/fr\/wp-json\/wp\/v2\/types\/page"}],"author":[{"embeddable":true,"href":"https:\/\/fabitrade.pt\/fr\/wp-json\/wp\/v2\/users\/3"}],"replies":[{"embeddable":true,"href":"https:\/\/fabitrade.pt\/fr\/wp-json\/wp\/v2\/comments?post=38076"}],"version-history":[{"count":25,"href":"https:\/\/fabitrade.pt\/fr\/wp-json\/wp\/v2\/pages\/38076\/revisions"}],"predecessor-version":[{"id":38340,"href":"https:\/\/fabitrade.pt\/fr\/wp-json\/wp\/v2\/pages\/38076\/revisions\/38340"}],"wp:attachment":[{"href":"https:\/\/fabitrade.pt\/fr\/wp-json\/wp\/v2\/media?parent=38076"}],"curies":[{"name":"wp","href":"https:\/\/api.w.org\/{rel}","templated":true}]}}